{"id":84,"date":"2024-12-28T22:22:22","date_gmt":"2024-12-28T21:22:22","guid":{"rendered":"https:\/\/www.projektchef.nu\/?page_id=84"},"modified":"2025-01-02T16:11:14","modified_gmt":"2025-01-02T15:11:14","slug":"hus-byggda-med-precision-hallbarhet","status":"publish","type":"page","link":"https:\/\/www.projektchef.nu\/index.php\/hus-byggda-med-precision-hallbarhet\/","title":{"rendered":"Husbyggnation"},"content":{"rendered":"\n<p><strong>Hus byggda med precision &amp; h\u00e5llbarhet<\/strong><\/p>\n\n\n\n<p>Jag \u00e4r riktigt vass p\u00e5 att bygga personliga hus i l\u00f6svirke, skr\u00e4ddarsydda efter dina behov och \u00f6nskem\u00e5l. Med totalentreprenad tar jag hand om hela byggprocessen \u2013 fr\u00e5n id\u00e9 och ritning till f\u00e4rdigst\u00e4llande. Jag g\u00f6r det enkelt och tryggt f\u00f6r dig att skapa ditt dr\u00f6mhem.<\/p>\n\n\n\n<p><strong>Varf\u00f6r v\u00e4lja l\u00f6svirke?<\/strong><br>Med l\u00f6svirkeshus f\u00e5r du full frihet att designa ditt hus precis som du vill ha det. Jag anv\u00e4nder endast h\u00f6gkvalitativa material och samarbetar med erfarna hantverkare f\u00f6r att s\u00e4kerst\u00e4lla att varje detalj h\u00e5ller h\u00f6gsta standard. <\/p>\n\n\n\n<figure class=\"wp-block-image size-full is-resized\"><img loading=\"lazy\" decoding=\"async\" width=\"512\" height=\"512\" src=\"https:\/\/www.projektchef.nu\/wp-content\/uploads\/2024\/06\/cropped-IMG_0766.png\" alt=\"\" class=\"wp-image-74\" style=\"width:306px;height:auto\" srcset=\"https:\/\/www.projektchef.nu\/wp-content\/uploads\/2024\/06\/cropped-IMG_0766.png 512w, https:\/\/www.projektchef.nu\/wp-content\/uploads\/2024\/06\/cropped-IMG_0766-300x300.png 300w, https:\/\/www.projektchef.nu\/wp-content\/uploads\/2024\/06\/cropped-IMG_0766-150x150.png 150w, https:\/\/www.projektchef.nu\/wp-content\/uploads\/2024\/06\/cropped-IMG_0766-270x270.png 270w, https:\/\/www.projektchef.nu\/wp-content\/uploads\/2024\/06\/cropped-IMG_0766-192x192.png 192w, https:\/\/www.projektchef.nu\/wp-content\/uploads\/2024\/06\/cropped-IMG_0766-180x180.png 180w, https:\/\/www.projektchef.nu\/wp-content\/uploads\/2024\/06\/cropped-IMG_0766-32x32.png 32w\" sizes=\"auto, (max-width: 512px) 100vw, 512px\" \/><\/figure>\n\n\n\n<p><strong>Totalentreprenad \u2013 Vi tar hand om allt<\/strong><br>Jag vet att ett husbygge kan k\u00e4nnas \u00f6verv\u00e4ldigande. D\u00e4rf\u00f6r erbjuder jag totalentreprenad, d\u00e4r jag sk\u00f6ter hela processen \u2013 inklusive bygglov, projektering och samordning av alla moment. Du kan luta dig tillbaka och k\u00e4nna dig trygg i att allt l\u00f6per smidigt och enligt plan.<\/p>\n\n\n\n<p><strong>Jag bygger med omtanke och kvalitet<\/strong><br>Med m\u00e5nga \u00e5rs erfarenhet inom byggbranschen har jag byggt upp ett gott rykte f\u00f6r min noggrannhet, kundfokus och h\u00f6ga kvalitet. Mitt m\u00e5l \u00e4r att skapa hus d\u00e4r m\u00e4nniskor trivs och lever sina liv.<\/p>\n\n\n\n<p><strong>L\u00e5t mig hj\u00e4lpa dig att skapa ditt dr\u00f6mhem<\/strong><br>Har du en vision f\u00f6r ditt framtida hem? Kontakta mig idag f\u00f6r en kostnadsfri konsultation. Tillsammans f\u00f6rvandlar vi dina id\u00e9er till verklighet.<\/p>\n\n\n\n<p><strong>Kontakt:<\/strong><br>018-470 60 61<br>peter@projektchef.nu<\/p>\n","protected":false},"excerpt":{"rendered":"<p>Hus byggda med precision &amp; h\u00e5llbarhet Jag \u00e4r riktigt vass p\u00e5 att bygga personliga hus i l\u00f6svirke, skr\u00e4ddarsydda efter dina behov och \u00f6nskem\u00e5l. Med totalentreprenad tar jag hand om hela byggprocessen \u2013 fr\u00e5n id\u00e9 och ritning till f\u00e4rdigst\u00e4llande. Jag g\u00f6r det enkelt och tryggt f\u00f6r dig att skapa ditt dr\u00f6mhem. Varf\u00f6r v\u00e4lja l\u00f6svirke?Med l\u00f6svirkeshus f\u00e5r [&hellip;]<\/p>\n","protected":false},"author":1,"featured_media":0,"parent":0,"menu_order":0,"comment_status":"closed","ping_status":"closed","template":"","meta":{"om_disable_all_campaigns":false,"_monsterinsights_skip_tracking":false,"_monsterinsights_sitenote_active":false,"_monsterinsights_sitenote_note":"","_monsterinsights_sitenote_category":0,"footnotes":""},"class_list":["post-84","page","type-page","status-publish","hentry","post-preview"],"aioseo_notices":[],"_links":{"self":[{"href":"https:\/\/www.projektchef.nu\/index.php\/wp-json\/wp\/v2\/pages\/84","targetHints":{"allow":["GET"]}}],"collection":[{"href":"https:\/\/www.projektchef.nu\/index.php\/wp-json\/wp\/v2\/pages"}],"about":[{"href":"https:\/\/www.projektchef.nu\/index.php\/wp-json\/wp\/v2\/types\/page"}],"author":[{"embeddable":true,"href":"https:\/\/www.projektchef.nu\/index.php\/wp-json\/wp\/v2\/users\/1"}],"replies":[{"embeddable":true,"href":"https:\/\/www.projektchef.nu\/index.php\/wp-json\/wp\/v2\/comments?post=84"}],"version-history":[{"count":5,"href":"https:\/\/www.projektchef.nu\/index.php\/wp-json\/wp\/v2\/pages\/84\/revisions"}],"predecessor-version":[{"id":136,"href":"https:\/\/www.projektchef.nu\/index.php\/wp-json\/wp\/v2\/pages\/84\/revisions\/136"}],"wp:attachment":[{"href":"https:\/\/www.projektchef.nu\/index.php\/wp-json\/wp\/v2\/media?parent=84"}],"curies":[{"name":"wp","href":"https:\/\/api.w.org\/{rel}","templated":true}]}}